{"id":185,"date":"2017-11-18T16:13:52","date_gmt":"2017-11-18T15:13:52","guid":{"rendered":"http:\/\/kaptain.dk\/?page_id=185"},"modified":"2017-11-18T16:32:48","modified_gmt":"2017-11-18T15:32:48","slug":"ds-garanti","status":"publish","type":"page","link":"https:\/\/kaptain.dk\/index.php\/ds-garanti\/","title":{"rendered":"DS Garanti"},"content":{"rendered":"\t\t<div data-elementor-type=\"wp-page\" data-elementor-id=\"185\" class=\"elementor elementor-185 elementor-bc-flex-widget\" data-elementor-post-type=\"page\">\n\t\t\t\t\t\t<section class=\"elementor-section elementor-top-section elementor-element elementor-element-e5edea3 elementor-section-boxed elementor-section-height-default elementor-section-height-default\" data-id=\"e5edea3\" data-element_type=\"section\" data-e-type=\"section\" data-settings=\"{&quot;background_background&quot;:&quot;gradient&quot;}\">\n\t\t\t\t\t\t<div class=\"elementor-container elementor-column-gap-default\">\n\t\t\t\t\t<div class=\"elementor-column elementor-col-50 elementor-top-column elementor-element elementor-element-23d9150f\" data-id=\"23d9150f\" data-element_type=\"column\" data-e-type=\"column\">\n\t\t\t<div class=\"elementor-widget-wrap elementor-element-populated\">\n\t\t\t\t\t\t<div class=\"elementor-element elementor-element-626c22c1 elementor-widget elementor-widget-global elementor-global-125 elementor-widget-image\" data-id=\"626c22c1\" data-element_type=\"widget\" data-e-type=\"widget\" data-widget_type=\"image.default\">\n\t\t\t\t<div class=\"elementor-widget-container\">\n\t\t\t\t\t\t\t\t\t\t\t\t\t\t\t<img decoding=\"async\" width=\"452\" height=\"102\" src=\"https:\/\/kaptain.dk\/wp-content\/uploads\/2017\/11\/Kaptain.jpg.gif.jpg\" class=\"attachment-large size-large wp-image-37\" alt=\"\" srcset=\"https:\/\/kaptain.dk\/wp-content\/uploads\/2017\/11\/Kaptain.jpg.gif.jpg 452w, https:\/\/kaptain.dk\/wp-content\/uploads\/2017\/11\/Kaptain.jpg.gif-300x68.jpg 300w\" sizes=\"(max-width: 452px) 100vw, 452px\" \/>\t\t\t\t\t\t\t\t\t\t\t\t\t\t\t<\/div>\n\t\t\t\t<\/div>\n\t\t\t\t\t<\/div>\n\t\t<\/div>\n\t\t\t\t<div class=\"elementor-column elementor-col-50 elementor-top-column elementor-element elementor-element-2804e7ce\" data-id=\"2804e7ce\" data-element_type=\"column\" data-e-type=\"column\" data-settings=\"{&quot;background_background&quot;:&quot;classic&quot;}\">\n\t\t\t<div class=\"elementor-widget-wrap elementor-element-populated\">\n\t\t\t\t\t\t<div class=\"elementor-element elementor-element-4e73edbd elementor--h-position-center elementor--v-position-middle elementor-widget elementor-widget-global elementor-global-127 elementor-widget-slides\" data-id=\"4e73edbd\" data-element_type=\"widget\" data-e-type=\"widget\" data-settings=\"{&quot;navigation&quot;:&quot;none&quot;,&quot;transition&quot;:&quot;fade&quot;,&quot;transition_speed&quot;:1000,&quot;autoplay&quot;:&quot;yes&quot;,&quot;pause_on_hover&quot;:&quot;yes&quot;,&quot;pause_on_interaction&quot;:&quot;yes&quot;,&quot;autoplay_speed&quot;:5000,&quot;infinite&quot;:&quot;yes&quot;}\" data-widget_type=\"slides.default\">\n\t\t\t\t<div class=\"elementor-widget-container\">\n\t\t\t\t\t\t\t\t\t<div class=\"elementor-swiper\">\n\t\t\t\t\t<div class=\"elementor-slides-wrapper elementor-main-swiper swiper\" role=\"region\" aria-roledescription=\"carousel\" aria-label=\"Dias (slides)\" dir=\"ltr\" data-animation=\"fadeInUp\">\n\t\t\t\t<div class=\"swiper-wrapper elementor-slides\">\n\t\t\t\t\t\t\t\t\t\t<div class=\"elementor-repeater-item-193cbf8 swiper-slide\" role=\"group\" aria-roledescription=\"slide\"><div class=\"swiper-slide-bg\" role=\"img\" aria-label=\"\"><\/div><div class=\"swiper-slide-inner\" ><div class=\"swiper-slide-contents\"><\/div><\/div><\/div><div class=\"elementor-repeater-item-00c2b04 swiper-slide\" role=\"group\" aria-roledescription=\"slide\"><div class=\"swiper-slide-bg\" role=\"img\" aria-label=\"\"><\/div><div class=\"swiper-slide-inner\" ><div class=\"swiper-slide-contents\"><\/div><\/div><\/div>\t\t\t\t<\/div>\n\t\t\t\t\t\t\t\t\t\t\t\t\t\t\t\t\t\t\t\t\t<\/div>\n\t\t\t\t<\/div>\n\t\t\t\t\t\t\t\t<\/div>\n\t\t\t\t<\/div>\n\t\t\t\t\t<\/div>\n\t\t<\/div>\n\t\t\t\t\t<\/div>\n\t\t<\/section>\n\t\t\t\t<section class=\"elementor-section elementor-top-section elementor-element elementor-element-635c4e05 elementor-section-height-full elementor-section-items-top elementor-section-boxed elementor-section-height-default\" data-id=\"635c4e05\" data-element_type=\"section\" data-e-type=\"section\" data-settings=\"{&quot;background_background&quot;:&quot;gradient&quot;}\">\n\t\t\t\t\t\t<div class=\"elementor-container elementor-column-gap-default\">\n\t\t\t\t\t<div class=\"elementor-column elementor-col-33 elementor-top-column elementor-element elementor-element-6c11537c\" data-id=\"6c11537c\" data-element_type=\"column\" data-e-type=\"column\" data-settings=\"{&quot;background_background&quot;:&quot;classic&quot;}\">\n\t\t\t<div class=\"elementor-widget-wrap elementor-element-populated\">\n\t\t\t\t\t\t<div class=\"elementor-element elementor-element-5d0d819d elementor-widget elementor-widget-global elementor-global-69 elementor-widget-image\" data-id=\"5d0d819d\" data-element_type=\"widget\" data-e-type=\"widget\" data-widget_type=\"image.default\">\n\t\t\t\t<div class=\"elementor-widget-container\">\n\t\t\t\t\t\t\t\t\t\t\t\t\t\t\t<img decoding=\"async\" src=\"http:\/\/kaptain.dk\/wp-content\/uploads\/2017\/11\/download.png\" title=\"\" alt=\"\" loading=\"lazy\" \/>\t\t\t\t\t\t\t\t\t\t\t\t\t\t\t<\/div>\n\t\t\t\t<\/div>\n\t\t\t\t<div class=\"elementor-element elementor-element-1243c903 elementor-widget elementor-widget-global elementor-global-71 elementor-widget-image\" data-id=\"1243c903\" data-element_type=\"widget\" data-e-type=\"widget\" data-widget_type=\"image.default\">\n\t\t\t\t<div class=\"elementor-widget-container\">\n\t\t\t\t\t\t\t\t\t\t\t\t\t\t\t<img fetchpriority=\"high\" decoding=\"async\" width=\"405\" height=\"124\" src=\"https:\/\/kaptain.dk\/wp-content\/uploads\/2017\/11\/download-1.png\" class=\"attachment-large size-large wp-image-153\" alt=\"\" srcset=\"https:\/\/kaptain.dk\/wp-content\/uploads\/2017\/11\/download-1.png 405w, https:\/\/kaptain.dk\/wp-content\/uploads\/2017\/11\/download-1-300x92.png 300w\" sizes=\"(max-width: 405px) 100vw, 405px\" \/>\t\t\t\t\t\t\t\t\t\t\t\t\t\t\t<\/div>\n\t\t\t\t<\/div>\n\t\t\t\t<div class=\"elementor-element elementor-element-969a779 elementor-widget elementor-widget-global elementor-global-191 elementor-widget-image\" data-id=\"969a779\" data-element_type=\"widget\" data-e-type=\"widget\" data-widget_type=\"image.default\">\n\t\t\t\t<div class=\"elementor-widget-container\">\n\t\t\t\t\t\t\t\t\t\t\t\t\t\t\t<img decoding=\"async\" src=\"http:\/\/kaptain.dk\/wp-content\/uploads\/2017\/11\/ka_du_staw_et_w310_h205.jpg\" title=\"\" alt=\"\" loading=\"lazy\" \/>\t\t\t\t\t\t\t\t\t\t\t\t\t\t\t<\/div>\n\t\t\t\t<\/div>\n\t\t\t\t<div class=\"elementor-element elementor-element-139c7eae elementor-widget elementor-widget-spacer\" data-id=\"139c7eae\" data-element_type=\"widget\" data-e-type=\"widget\" data-widget_type=\"spacer.default\">\n\t\t\t\t<div class=\"elementor-widget-container\">\n\t\t\t\t\t\t\t<div class=\"elementor-spacer\">\n\t\t\t<div class=\"elementor-spacer-inner\"><\/div>\n\t\t<\/div>\n\t\t\t\t\t\t<\/div>\n\t\t\t\t<\/div>\n\t\t\t\t\t<\/div>\n\t\t<\/div>\n\t\t\t\t<div class=\"elementor-column elementor-col-33 elementor-top-column elementor-element elementor-element-668bb5c\" data-id=\"668bb5c\" data-element_type=\"column\" data-e-type=\"column\" data-settings=\"{&quot;background_background&quot;:&quot;classic&quot;}\">\n\t\t\t<div class=\"elementor-widget-wrap elementor-element-populated\">\n\t\t\t\t\t\t<div class=\"elementor-element elementor-element-83fa8e2 elementor-nav-menu__align-start elementor-nav-menu--dropdown-tablet elementor-nav-menu__text-align-aside elementor-nav-menu--toggle elementor-nav-menu--burger elementor-widget elementor-widget-global elementor-global-67 elementor-widget-nav-menu\" data-id=\"83fa8e2\" data-element_type=\"widget\" data-e-type=\"widget\" data-settings=\"{&quot;layout&quot;:&quot;vertical&quot;,&quot;submenu_icon&quot;:{&quot;value&quot;:&quot;&quot;,&quot;library&quot;:&quot;&quot;},&quot;toggle&quot;:&quot;burger&quot;}\" data-widget_type=\"nav-menu.default\">\n\t\t\t\t<div class=\"elementor-widget-container\">\n\t\t\t\t\t\t\t\t<nav aria-label=\"Menu\" class=\"elementor-nav-menu--main elementor-nav-menu__container elementor-nav-menu--layout-vertical e--pointer-background e--animation-fade\">\n\t\t\t\t<ul id=\"menu-1-83fa8e2\" class=\"elementor-nav-menu sm-vertical\"><li class=\"menu-item menu-item-type-post_type menu-item-object-page menu-item-home menu-item-278\"><a href=\"https:\/\/kaptain.dk\/\" class=\"elementor-item\">Forside<\/a><\/li>\n<li class=\"menu-item menu-item-type-post_type menu-item-object-page menu-item-276\"><a href=\"https:\/\/kaptain.dk\/index.php\/arbejdsomraade\/\" class=\"elementor-item\">Arbejdsomr\u00e5de<\/a><\/li>\n<li class=\"menu-item menu-item-type-post_type menu-item-object-page menu-item-275\"><a href=\"https:\/\/kaptain.dk\/index.php\/links\/\" class=\"elementor-item\">Links<\/a><\/li>\n<li class=\"menu-item menu-item-type-post_type menu-item-object-page menu-item-274\"><a href=\"https:\/\/kaptain.dk\/index.php\/kontakt-os\/\" class=\"elementor-item\">Kontakt os<\/a><\/li>\n<\/ul>\t\t\t<\/nav>\n\t\t\t\t\t<div class=\"elementor-menu-toggle\" role=\"button\" tabindex=\"0\" aria-label=\"Menuskift\" aria-expanded=\"false\">\n\t\t\t<i aria-hidden=\"true\" role=\"presentation\" class=\"elementor-menu-toggle__icon--open eicon-menu-bar\"><\/i><i aria-hidden=\"true\" role=\"presentation\" class=\"elementor-menu-toggle__icon--close eicon-close\"><\/i>\t\t<\/div>\n\t\t\t\t\t<nav class=\"elementor-nav-menu--dropdown elementor-nav-menu__container\" aria-hidden=\"true\">\n\t\t\t\t<ul id=\"menu-2-83fa8e2\" class=\"elementor-nav-menu sm-vertical\"><li class=\"menu-item menu-item-type-post_type menu-item-object-page menu-item-home menu-item-278\"><a href=\"https:\/\/kaptain.dk\/\" class=\"elementor-item\" tabindex=\"-1\">Forside<\/a><\/li>\n<li class=\"menu-item menu-item-type-post_type menu-item-object-page menu-item-276\"><a href=\"https:\/\/kaptain.dk\/index.php\/arbejdsomraade\/\" class=\"elementor-item\" tabindex=\"-1\">Arbejdsomr\u00e5de<\/a><\/li>\n<li class=\"menu-item menu-item-type-post_type menu-item-object-page menu-item-275\"><a href=\"https:\/\/kaptain.dk\/index.php\/links\/\" class=\"elementor-item\" tabindex=\"-1\">Links<\/a><\/li>\n<li class=\"menu-item menu-item-type-post_type menu-item-object-page menu-item-274\"><a href=\"https:\/\/kaptain.dk\/index.php\/kontakt-os\/\" class=\"elementor-item\" tabindex=\"-1\">Kontakt os<\/a><\/li>\n<\/ul>\t\t\t<\/nav>\n\t\t\t\t\t\t<\/div>\n\t\t\t\t<\/div>\n\t\t\t\t\t<\/div>\n\t\t<\/div>\n\t\t\t\t<div class=\"elementor-column elementor-col-33 elementor-top-column elementor-element elementor-element-16c4bf2b\" data-id=\"16c4bf2b\" data-element_type=\"column\" data-e-type=\"column\" data-settings=\"{&quot;background_background&quot;:&quot;classic&quot;}\">\n\t\t\t<div class=\"elementor-widget-wrap elementor-element-populated\">\n\t\t\t\t\t\t<div class=\"elementor-element elementor-element-142f5e74 elementor-widget elementor-widget-global elementor-global-170 elementor-widget-text-editor\" data-id=\"142f5e74\" data-element_type=\"widget\" data-e-type=\"widget\" data-widget_type=\"text-editor.default\">\n\t\t\t\t<div class=\"elementor-widget-container\">\n\t\t\t\t\t\t\t\t\t<p><strong>Kaptains Smede &amp; VVS ApS<\/strong> &#8211; Bystedvej 2 &#8211; Durup &#8211; 7870 Roslev &#8211; Tlf.: 97592544<br \/>Mobil: 40512032 &#8211; Email: info@kaptain.dk &#8211; CVR: 36409452<\/p>\t\t\t\t\t\t\t\t<\/div>\n\t\t\t\t<\/div>\n\t\t\t\t<div class=\"elementor-element elementor-element-29c3a0b elementor-widget elementor-widget-text-editor\" data-id=\"29c3a0b\" data-element_type=\"widget\" data-e-type=\"widget\" data-widget_type=\"text-editor.default\">\n\t\t\t\t<div class=\"elementor-widget-container\">\n\t\t\t\t\t\t\t\t\t<h3><strong>DS Garanti<\/strong><\/h3><p>DS garanti er en orginisation som st\u00e5r for kvailtet sikring inden for EL\/VVS faget, de har ogs\u00e5 r\u00f8der ud til industrien, klejnsmede og\u00a0 energi og milj\u00f8. DS garanti har skiftet navn til arbejdsgiverene men er det samme som altid.<\/p><p>Virksomheder der er medlem af Arbejdsgiverne er omfattet af DS-garanti, n\u00e5r de arbejder for private forbrugere. DS-garantien sikrer, at en privat kunde, som indbringer en sag for H\u00e5ndv\u00e6rkets Anken\u00e6vn og f\u00e5r medhold, f\u00e5r rettet det fejlbeh\u00e6ftede arbejde.<\/p><p>Man kan sige det er en form for forsikring for den private kunde, for at arbejdet bliver udf\u00f8rt korrekt<\/p><p>Hvad g\u00f8r DS-Garantien s\u00e5?<\/p><p><strong>DS-garanti d\u00e6kker \u00f8konomisk\u00a0<\/strong><br \/>DS-garatien op til kr. 75.000,- inkl. moms\u00a0<\/p><p><strong>DS-garanti\u00a0d\u00e6kker ved virksomhedsoph\u00f8r<\/strong><br \/>Hvis virksomheden, der har lavet arbejdet skulle oph\u00f8re eller g\u00e5 konkurs, er du stadig sikret. F\u00e5r du medhold i din sag, udf\u00f8res arbejdet af en anden virksomhed under ordningen.<\/p><p><strong>DS-garanti\u00a0er uvildig\u00a0<\/strong><br \/>H\u00e5ndv\u00e6rkets Anken\u00e6vn er sammensat af repr\u00e6sentanter for b\u00e5de forbrugere og virksomheder. En dommer er upartisk formand for n\u00e6vnet.<\/p><p><strong>Hurtig udbedring af fejlen\u00a0<\/strong><br \/>Hvis H\u00e5ndv\u00e6rkets Anken\u00e6vn har givet dig medhold i din sag er der normalt en frist p\u00e5 30 dage for virksomheden til at udbedre problemet<\/p><p>Det vil sige at n\u00e5r du v\u00e6lger en Vvs-installat\u00f8r, der er medlem af DS H\u00e5ndv\u00e6rk &amp; Industri, forpligter vvs-firmaet sig til at f\u00f8lge en kendelse fra H\u00e5ndv\u00e6rkets Anken\u00e6vn, hvis du har klaget og f\u00e5et medhold. Og hvis firmaet er oph\u00f8rt eller ikke kan opfylde kendelsen, er du sikret gennem DS-garanti. Garantiordningen sikrer, at kendelsen opfyldes. Se derfor efter DS-garantim\u00e6rket eller sp\u00f8rg vvs-installat\u00f8ren, om han er medlem af DS H\u00e5ndv\u00e6rk &amp; Industri, inden du f\u00e5r udf\u00f8rt arbejdet.<\/p><p>Kilde:\u00a0<a href=\"http:\/\/www.ds-garanti.dk\/\" target=\"_blank\" rel=\"noopener\">DS-Garanti<\/a><\/p>\t\t\t\t\t\t\t\t<\/div>\n\t\t\t\t<\/div>\n\t\t\t\t\t<\/div>\n\t\t<\/div>\n\t\t\t\t\t<\/div>\n\t\t<\/section>\n\t\t\t\t<\/div>\n\t\t","protected":false},"excerpt":{"rendered":"<p>Forside Profil DS Garanti Arbejdsomr\u00e5de Jordvarmeboringer Links Kontakt os Forside Profil DS Garanti Arbejdsomr\u00e5de Jordvarmeboringer Links Kontakt os Kaptains Smede &amp; VVS ApS &#8211; Bystedvej 2 &#8211; Durup &#8211; 7870 Roslev &#8211; Tlf.: 97592544Mobil: 40512032 &#8211; Email: info@kaptain.dk &#8211; CVR: 36409452 DS Garanti DS garanti er en orginisation som st\u00e5r for kvailtet sikring inden for [&hellip;]<\/p>\n","protected":false},"author":1,"featured_media":0,"parent":0,"menu_order":0,"comment_status":"closed","ping_status":"closed","template":"elementor_canvas","meta":{"_monsterinsights_skip_tracking":false,"_monsterinsights_sitenote_active":false,"_monsterinsights_sitenote_note":"","_monsterinsights_sitenote_category":0,"footnotes":""},"class_list":["post-185","page","type-page","status-publish","hentry"],"yoast_head":"<!-- This site is optimized with the Yoast SEO plugin v27.1.1 - https:\/\/yoast.com\/product\/yoast-seo-wordpress\/ -->\n<title>DS Garanti - Kaptains Smede &amp; VVS ApS<\/title>\n<meta name=\"robots\" content=\"index, follow, max-snippet:-1, max-image-preview:large, max-video-preview:-1\" \/>\n<link rel=\"canonical\" href=\"https:\/\/kaptain.dk\/index.php\/ds-garanti\/\" \/>\n<meta property=\"og:locale\" content=\"da_DK\" \/>\n<meta property=\"og:type\" content=\"article\" \/>\n<meta property=\"og:title\" content=\"DS Garanti - Kaptains Smede &amp; VVS ApS\" \/>\n<meta property=\"og:description\" content=\"Forside Profil DS Garanti Arbejdsomr\u00e5de Jordvarmeboringer Links Kontakt os Forside Profil DS Garanti Arbejdsomr\u00e5de Jordvarmeboringer Links Kontakt os Kaptains Smede &amp; VVS ApS &#8211; Bystedvej 2 &#8211; Durup &#8211; 7870 Roslev &#8211; Tlf.: 97592544Mobil: 40512032 &#8211; Email: info@kaptain.dk &#8211; CVR: 36409452 DS Garanti DS garanti er en orginisation som st\u00e5r for kvailtet sikring inden for [&hellip;]\" \/>\n<meta property=\"og:url\" content=\"https:\/\/kaptain.dk\/index.php\/ds-garanti\/\" \/>\n<meta property=\"og:site_name\" content=\"Kaptains Smede &amp; VVS ApS\" \/>\n<meta property=\"article:modified_time\" content=\"2017-11-18T15:32:48+00:00\" \/>\n<meta property=\"og:image\" content=\"http:\/\/kaptain.dk\/wp-content\/uploads\/2017\/11\/Kaptain.jpg.gif.jpg\" \/>\n<meta name=\"twitter:card\" content=\"summary_large_image\" \/>\n<meta name=\"twitter:label1\" content=\"Estimeret l\u00e6setid\" \/>\n\t<meta name=\"twitter:data1\" content=\"2 minutter\" \/>\n<script type=\"application\/ld+json\" class=\"yoast-schema-graph\">{\"@context\":\"https:\/\/schema.org\",\"@graph\":[{\"@type\":\"WebPage\",\"@id\":\"https:\/\/kaptain.dk\/index.php\/ds-garanti\/\",\"url\":\"https:\/\/kaptain.dk\/index.php\/ds-garanti\/\",\"name\":\"DS Garanti - Kaptains Smede &amp; VVS ApS\",\"isPartOf\":{\"@id\":\"https:\/\/kaptain.dk\/#website\"},\"primaryImageOfPage\":{\"@id\":\"https:\/\/kaptain.dk\/index.php\/ds-garanti\/#primaryimage\"},\"image\":{\"@id\":\"https:\/\/kaptain.dk\/index.php\/ds-garanti\/#primaryimage\"},\"thumbnailUrl\":\"http:\/\/kaptain.dk\/wp-content\/uploads\/2017\/11\/Kaptain.jpg.gif.jpg\",\"datePublished\":\"2017-11-18T15:13:52+00:00\",\"dateModified\":\"2017-11-18T15:32:48+00:00\",\"breadcrumb\":{\"@id\":\"https:\/\/kaptain.dk\/index.php\/ds-garanti\/#breadcrumb\"},\"inLanguage\":\"da-DK\",\"potentialAction\":[{\"@type\":\"ReadAction\",\"target\":[\"https:\/\/kaptain.dk\/index.php\/ds-garanti\/\"]}]},{\"@type\":\"ImageObject\",\"inLanguage\":\"da-DK\",\"@id\":\"https:\/\/kaptain.dk\/index.php\/ds-garanti\/#primaryimage\",\"url\":\"http:\/\/kaptain.dk\/wp-content\/uploads\/2017\/11\/Kaptain.jpg.gif.jpg\",\"contentUrl\":\"http:\/\/kaptain.dk\/wp-content\/uploads\/2017\/11\/Kaptain.jpg.gif.jpg\"},{\"@type\":\"BreadcrumbList\",\"@id\":\"https:\/\/kaptain.dk\/index.php\/ds-garanti\/#breadcrumb\",\"itemListElement\":[{\"@type\":\"ListItem\",\"position\":1,\"name\":\"Hjem\",\"item\":\"https:\/\/kaptain.dk\/\"},{\"@type\":\"ListItem\",\"position\":2,\"name\":\"DS Garanti\"}]},{\"@type\":\"WebSite\",\"@id\":\"https:\/\/kaptain.dk\/#website\",\"url\":\"https:\/\/kaptain.dk\/\",\"name\":\"Kaptains Smede &amp; VVS ApS\",\"description\":\"Kaptains Smede &amp; VVS ApS\",\"publisher\":{\"@id\":\"https:\/\/kaptain.dk\/#organization\"},\"potentialAction\":[{\"@type\":\"SearchAction\",\"target\":{\"@type\":\"EntryPoint\",\"urlTemplate\":\"https:\/\/kaptain.dk\/?s={search_term_string}\"},\"query-input\":{\"@type\":\"PropertyValueSpecification\",\"valueRequired\":true,\"valueName\":\"search_term_string\"}}],\"inLanguage\":\"da-DK\"},{\"@type\":\"Organization\",\"@id\":\"https:\/\/kaptain.dk\/#organization\",\"name\":\"Kaptains Smede & VVS ApS\",\"url\":\"https:\/\/kaptain.dk\/\",\"logo\":{\"@type\":\"ImageObject\",\"inLanguage\":\"da-DK\",\"@id\":\"https:\/\/kaptain.dk\/#\/schema\/logo\/image\/\",\"url\":\"https:\/\/kaptain.dk\/wp-content\/uploads\/2017\/11\/Kaptain.jpg.gif.jpg\",\"contentUrl\":\"https:\/\/kaptain.dk\/wp-content\/uploads\/2017\/11\/Kaptain.jpg.gif.jpg\",\"width\":452,\"height\":102,\"caption\":\"Kaptains Smede & VVS ApS\"},\"image\":{\"@id\":\"https:\/\/kaptain.dk\/#\/schema\/logo\/image\/\"}}]}<\/script>\n<!-- \/ Yoast SEO plugin. -->","yoast_head_json":{"title":"DS Garanti - Kaptains Smede &amp; VVS ApS","robots":{"index":"index","follow":"follow","max-snippet":"max-snippet:-1","max-image-preview":"max-image-preview:large","max-video-preview":"max-video-preview:-1"},"canonical":"https:\/\/kaptain.dk\/index.php\/ds-garanti\/","og_locale":"da_DK","og_type":"article","og_title":"DS Garanti - Kaptains Smede &amp; VVS ApS","og_description":"Forside Profil DS Garanti Arbejdsomr\u00e5de Jordvarmeboringer Links Kontakt os Forside Profil DS Garanti Arbejdsomr\u00e5de Jordvarmeboringer Links Kontakt os Kaptains Smede &amp; VVS ApS &#8211; Bystedvej 2 &#8211; Durup &#8211; 7870 Roslev &#8211; Tlf.: 97592544Mobil: 40512032 &#8211; Email: info@kaptain.dk &#8211; CVR: 36409452 DS Garanti DS garanti er en orginisation som st\u00e5r for kvailtet sikring inden for [&hellip;]","og_url":"https:\/\/kaptain.dk\/index.php\/ds-garanti\/","og_site_name":"Kaptains Smede &amp; VVS ApS","article_modified_time":"2017-11-18T15:32:48+00:00","og_image":[{"url":"http:\/\/kaptain.dk\/wp-content\/uploads\/2017\/11\/Kaptain.jpg.gif.jpg","type":"","width":"","height":""}],"twitter_card":"summary_large_image","twitter_misc":{"Estimeret l\u00e6setid":"2 minutter"},"schema":{"@context":"https:\/\/schema.org","@graph":[{"@type":"WebPage","@id":"https:\/\/kaptain.dk\/index.php\/ds-garanti\/","url":"https:\/\/kaptain.dk\/index.php\/ds-garanti\/","name":"DS Garanti - Kaptains Smede &amp; VVS ApS","isPartOf":{"@id":"https:\/\/kaptain.dk\/#website"},"primaryImageOfPage":{"@id":"https:\/\/kaptain.dk\/index.php\/ds-garanti\/#primaryimage"},"image":{"@id":"https:\/\/kaptain.dk\/index.php\/ds-garanti\/#primaryimage"},"thumbnailUrl":"http:\/\/kaptain.dk\/wp-content\/uploads\/2017\/11\/Kaptain.jpg.gif.jpg","datePublished":"2017-11-18T15:13:52+00:00","dateModified":"2017-11-18T15:32:48+00:00","breadcrumb":{"@id":"https:\/\/kaptain.dk\/index.php\/ds-garanti\/#breadcrumb"},"inLanguage":"da-DK","potentialAction":[{"@type":"ReadAction","target":["https:\/\/kaptain.dk\/index.php\/ds-garanti\/"]}]},{"@type":"ImageObject","inLanguage":"da-DK","@id":"https:\/\/kaptain.dk\/index.php\/ds-garanti\/#primaryimage","url":"http:\/\/kaptain.dk\/wp-content\/uploads\/2017\/11\/Kaptain.jpg.gif.jpg","contentUrl":"http:\/\/kaptain.dk\/wp-content\/uploads\/2017\/11\/Kaptain.jpg.gif.jpg"},{"@type":"BreadcrumbList","@id":"https:\/\/kaptain.dk\/index.php\/ds-garanti\/#breadcrumb","itemListElement":[{"@type":"ListItem","position":1,"name":"Hjem","item":"https:\/\/kaptain.dk\/"},{"@type":"ListItem","position":2,"name":"DS Garanti"}]},{"@type":"WebSite","@id":"https:\/\/kaptain.dk\/#website","url":"https:\/\/kaptain.dk\/","name":"Kaptains Smede &amp; VVS ApS","description":"Kaptains Smede &amp; VVS ApS","publisher":{"@id":"https:\/\/kaptain.dk\/#organization"},"potentialAction":[{"@type":"SearchAction","target":{"@type":"EntryPoint","urlTemplate":"https:\/\/kaptain.dk\/?s={search_term_string}"},"query-input":{"@type":"PropertyValueSpecification","valueRequired":true,"valueName":"search_term_string"}}],"inLanguage":"da-DK"},{"@type":"Organization","@id":"https:\/\/kaptain.dk\/#organization","name":"Kaptains Smede & VVS ApS","url":"https:\/\/kaptain.dk\/","logo":{"@type":"ImageObject","inLanguage":"da-DK","@id":"https:\/\/kaptain.dk\/#\/schema\/logo\/image\/","url":"https:\/\/kaptain.dk\/wp-content\/uploads\/2017\/11\/Kaptain.jpg.gif.jpg","contentUrl":"https:\/\/kaptain.dk\/wp-content\/uploads\/2017\/11\/Kaptain.jpg.gif.jpg","width":452,"height":102,"caption":"Kaptains Smede & VVS ApS"},"image":{"@id":"https:\/\/kaptain.dk\/#\/schema\/logo\/image\/"}}]}},"_links":{"self":[{"href":"https:\/\/kaptain.dk\/index.php\/wp-json\/wp\/v2\/pages\/185","targetHints":{"allow":["GET"]}}],"collection":[{"href":"https:\/\/kaptain.dk\/index.php\/wp-json\/wp\/v2\/pages"}],"about":[{"href":"https:\/\/kaptain.dk\/index.php\/wp-json\/wp\/v2\/types\/page"}],"author":[{"embeddable":true,"href":"https:\/\/kaptain.dk\/index.php\/wp-json\/wp\/v2\/users\/1"}],"replies":[{"embeddable":true,"href":"https:\/\/kaptain.dk\/index.php\/wp-json\/wp\/v2\/comments?post=185"}],"version-history":[{"count":4,"href":"https:\/\/kaptain.dk\/index.php\/wp-json\/wp\/v2\/pages\/185\/revisions"}],"predecessor-version":[{"id":193,"href":"https:\/\/kaptain.dk\/index.php\/wp-json\/wp\/v2\/pages\/185\/revisions\/193"}],"wp:attachment":[{"href":"https:\/\/kaptain.dk\/index.php\/wp-json\/wp\/v2\/media?parent=185"}],"curies":[{"name":"wp","href":"https:\/\/api.w.org\/{rel}","templated":true}]}}